{"id":921,"date":"2021-03-08T17:07:55","date_gmt":"2021-03-08T16:07:55","guid":{"rendered":"https:\/\/get-mbh.com\/impressum\/"},"modified":"2021-03-08T17:07:57","modified_gmt":"2021-03-08T16:07:57","slug":"impressum","status":"publish","type":"page","link":"https:\/\/www.get-mbh.com\/en\/impressum\/","title":{"rendered":"Impressum"},"content":{"rendered":"<div class=\"wpb-content-wrapper\"><p>[vc_row row_height_percent=&#8221;0&#8243; override_padding=&#8221;yes&#8221; h_padding=&#8221;2&#8243; top_padding=&#8221;5&#8243; bottom_padding=&#8221;2&#8243; overlay_alpha=&#8221;50&#8243; gutter_size=&#8221;3&#8243; column_width_percent=&#8221;100&#8243; shift_y=&#8221;0&#8243; z_index=&#8221;0&#8243; shape_dividers=&#8221;&#8221;][vc_column column_width_percent=&#8221;100&#8243; align_horizontal=&#8221;align_center&#8221; gutter_size=&#8221;3&#8243; overlay_alpha=&#8221;50&#8243; shift_x=&#8221;0&#8243; shift_y=&#8221;0&#8243; z_index=&#8221;0&#8243; medium_width=&#8221;0&#8243; width=&#8221;1\/1&#8243;][vc_custom_heading]Impressum[\/vc_custom_heading][vc_separator type=&#8221;shadow&#8221;][\/vc_column][\/vc_row][vc_row row_height_percent=&#8221;0&#8243; overlay_alpha=&#8221;50&#8243; equal_height=&#8221;yes&#8221; gutter_size=&#8221;3&#8243; shift_y=&#8221;0&#8243;][vc_column width=&#8221;1\/3&#8243;][vc_column_text]<strong>Information according to \u00a7 5 TMG (German Telemedia Act)<\/strong><\/p>\n<p>GET &#8211; Gesellschaft f\u00fcr Energie- und Trocknungstechnik mbH<br \/>\nCarl-Benz-Stra\u00dfe 5<br \/>\nD-68723 Schwetzingen<\/p>\n<p>[\/vc_column_text][\/vc_column][vc_column width=&#8221;1\/3&#8243;][vc_column_text]Commercial Register: HRB 421971<br \/>\nRegistration Court: Mannheim<\/p>\n<p>Represented by the Managing Directors<br \/>\nJoachim G\u00e4rtner<br \/>\nDieter Wolf[\/vc_column_text][\/vc_column][vc_column width=&#8221;1\/3&#8243;][vc_column_text]<strong>Responsible for content according to \u00a7 55 paragraph 2 RStV<\/strong><\/p>\n<p>Joachim G\u00e4rtner<br \/>\nCarl-Benz-Stra\u00dfe 5<br \/>\nD-68723 Schwetzingen[\/vc_column_text][\/vc_column][\/vc_row][vc_row][vc_column width=&#8221;1\/3&#8243;][vc_column_text]<strong>Contact<\/strong><\/p>\n<p>Phone: +49 (0) 6202 \/ 950 46 &#8211; 30<br \/>\nFax: +49 (0) 6202 \/ 950 46 &#8211; 59<br \/>\nE-Mail: info@GET-mbH.com[\/vc_column_text][\/vc_column][vc_column width=&#8221;1\/3&#8243;][vc_column_text]<strong>VAT ID<\/strong><\/p>\n<p>VAT ID according to \u00a7 27 a sales tax law: DE200858008[\/vc_column_text][\/vc_column][vc_column width=&#8221;1\/3&#8243;][\/vc_column][\/vc_row][vc_row][vc_column][vc_column_text]<\/p>\n<p>[\/vc_column_text][\/vc_column][\/vc_row][vc_row][vc_column column_width_percent=&#8221;100&#8243; align_horizontal=&#8221;align_center&#8221; gutter_size=&#8221;3&#8243; overlay_alpha=&#8221;50&#8243; shift_x=&#8221;0&#8243; shift_y=&#8221;0&#8243; z_index=&#8221;0&#8243; medium_width=&#8221;0&#8243; width=&#8221;1\/1&#8243;][vc_custom_heading]Webdesign[\/vc_custom_heading][vc_separator type=&#8221;shadow&#8221;][vc_column_text]<a href=\"http:\/\/www.jensarbogast.de\" target=\"_blank\" rel=\"noopener noreferrer\">Jens Arbogast Photographie &amp; Webdesign<\/a>[\/vc_column_text][\/vc_column][\/vc_row][vc_row][vc_column][vc_column_text]<\/p>\n<p>[\/vc_column_text][\/vc_column][\/vc_row][vc_row row_height_percent=&#8221;0&#8243; override_padding=&#8221;yes&#8221; h_padding=&#8221;2&#8243; top_padding=&#8221;3&#8243; bottom_padding=&#8221;2&#8243; overlay_alpha=&#8221;50&#8243; gutter_size=&#8221;3&#8243; shift_y=&#8221;0&#8243;][vc_column column_width_percent=&#8221;100&#8243; align_horizontal=&#8221;align_center&#8221; gutter_size=&#8221;3&#8243; overlay_alpha=&#8221;50&#8243; shift_x=&#8221;0&#8243; shift_y=&#8221;0&#8243; z_index=&#8221;0&#8243; medium_width=&#8221;0&#8243; width=&#8221;1\/1&#8243;][vc_custom_heading]Disclaimer[\/vc_custom_heading][vc_separator type=&#8221;shadow&#8221;][vc_row_inner][vc_column_inner width=&#8221;1\/1&#8243;][vc_column_text]<strong>Liability for content<\/strong><\/p>\n<p>As service provider, we are responsible for our own content on this site under the general law, according to \u00a7 7 paragraph 1 of TMG. However, according to paragraphs 8 to 10 of TMG, we as service provider are not obligated to permanently monitor submitted or stored information or to search for evidenc that indicates illegal activities.<\/p>\n<p>Legal obligations to remove or block the use of information remain unaffected. However, liability in this regard is only possible from the time of knowledge of a concrete infringement. If we are made aware of any such infringements, we will remove this content immediately.<\/p>\n<p><strong>Liability for links<\/strong><\/p>\n<p>Our offer includes links to external third-party websites, on whose contents we have no influence. Therefore, we cannot assume any liability for these external contents. Providers or administrators of linked websites are always responsible for their own contents. The linked pages were checked for possible legal violations at the time of linking. Illegal contents were not recognizable at the time of linking.<\/p>\n<p>However, a permanent control of the contents of the linked pages is not reasonable without concrete evidence of a violation of the law. If we become aware of any infringements of the law, we will remove such links immediately.<\/p>\n<p><strong>Copyright<\/strong><\/p>\n<p>The content and works created by the site operators on these pages are subject to German copyright law. Duplication, processing, distribution, or any form of commercialization of such material beyond the scope of the copyright law shall require the prior written consent of its respective author or creator.<\/p>\n<p>Insofar as the content on this page was not created by the operator, the copyrights of third parties are respected. In particular, third-party content is identified as such. Should you nevertheless become aware of a copyright infringement, please inform us accordingly. If we become aware of any infringements, we will remove such content immediately.[\/vc_column_text][\/vc_column_inner][\/vc_row_inner][\/vc_column][\/vc_row]<\/p>\n<\/div>","protected":false},"excerpt":{"rendered":"<p>[vc_row row_height_percent=&#8221;0&#8243; override_padding=&#8221;yes&#8221; h_padding=&#8221;2&#8243; top_padding=&#8221;5&#8243; bottom_padding=&#8221;2&#8243; overlay_alpha=&#8221;50&#8243; gutter_size=&#8221;3&#8243; column_width_percent=&#8221;100&#8243; shift_y=&#8221;0&#8243; z_index=&#8221;0&#8243; shape_dividers=&#8221;&#8221;][vc_column column_width_percent=&#8221;100&#8243; align_horizontal=&#8221;align_center&#8221; gutter_size=&#8221;3&#8243; overlay_alpha=&#8221;50&#8243; shift_x=&#8221;0&#8243; shift_y=&#8221;0&#8243; z_index=&#8221;0&#8243; medium_width=&#8221;0&#8243; [&hellip;]<\/p>\n","protected":false},"author":1,"featured_media":684,"parent":0,"menu_order":0,"comment_status":"closed","ping_status":"closed","template":"","meta":{"footnotes":""},"class_list":["post-921","page","type-page","status-publish","has-post-thumbnail","hentry"],"yoast_head":"<!-- This site is optimized with the Yoast SEO plugin v27.3 - https:\/\/yoast.com\/product\/yoast-seo-wordpress\/ -->\n<title>Gesellschaft f\u00fcr Energie- und Trocknungstechnik | GET mbH<\/title>\n<meta name=\"description\" content=\"GET \u2013 Gesellschaft f\u00fcr Energie- und Trocknungstechnik mbH | Phone: 06202 \/ 950 46 \u2013 30 | Carl-Benz-Stra\u00dfe 5 68723 Schwetzingen\" \/>\n<meta name=\"robots\" content=\"index, follow, max-snippet:-1, max-image-preview:large, max-video-preview:-1\" \/>\n<link rel=\"canonical\" href=\"https:\/\/www.get-mbh.com\/en\/impressum\/\" \/>\n<meta property=\"og:locale\" content=\"en_US\" \/>\n<meta property=\"og:type\" content=\"article\" \/>\n<meta property=\"og:title\" content=\"Gesellschaft f\u00fcr Energie- und Trocknungstechnik | GET mbH\" \/>\n<meta property=\"og:description\" content=\"GET \u2013 Gesellschaft f\u00fcr Energie- und Trocknungstechnik mbH | Phone: 06202 \/ 950 46 \u2013 30 | Carl-Benz-Stra\u00dfe 5 68723 Schwetzingen\" \/>\n<meta property=\"og:url\" content=\"https:\/\/www.get-mbh.com\/en\/impressum\/\" \/>\n<meta property=\"og:site_name\" content=\"Gesellschaft f\u00fcr Energie- und Trocknungstechnik\" \/>\n<meta property=\"article:modified_time\" content=\"2021-03-08T16:07:57+00:00\" \/>\n<meta property=\"og:image\" content=\"https:\/\/www.get-mbh.com\/wp-content\/uploads\/2021\/01\/GET-Ingenieurbuero-Anlagenplanung-Anlagenbau.jpg\" \/>\n\t<meta property=\"og:image:width\" content=\"2400\" \/>\n\t<meta property=\"og:image:height\" content=\"1350\" \/>\n\t<meta property=\"og:image:type\" content=\"image\/jpeg\" \/>\n<meta name=\"twitter:card\" content=\"summary_large_image\" \/>\n<meta name=\"twitter:label1\" content=\"Est. reading time\" \/>\n\t<meta name=\"twitter:data1\" content=\"3 minutes\" \/>\n<script type=\"application\/ld+json\" class=\"yoast-schema-graph\">{\"@context\":\"https:\\\/\\\/schema.org\",\"@graph\":[{\"@type\":\"WebPage\",\"@id\":\"https:\\\/\\\/www.get-mbh.com\\\/en\\\/impressum\\\/\",\"url\":\"https:\\\/\\\/www.get-mbh.com\\\/en\\\/impressum\\\/\",\"name\":\"Gesellschaft f\u00fcr Energie- und Trocknungstechnik | GET mbH\",\"isPartOf\":{\"@id\":\"https:\\\/\\\/www.get-mbh.com\\\/en\\\/#website\"},\"primaryImageOfPage\":{\"@id\":\"https:\\\/\\\/www.get-mbh.com\\\/en\\\/impressum\\\/#primaryimage\"},\"image\":{\"@id\":\"https:\\\/\\\/www.get-mbh.com\\\/en\\\/impressum\\\/#primaryimage\"},\"thumbnailUrl\":\"https:\\\/\\\/www.get-mbh.com\\\/wp-content\\\/uploads\\\/2021\\\/01\\\/GET-Ingenieurbuero-Anlagenplanung-Anlagenbau.jpg\",\"datePublished\":\"2021-03-08T16:07:55+00:00\",\"dateModified\":\"2021-03-08T16:07:57+00:00\",\"description\":\"GET \u2013 Gesellschaft f\u00fcr Energie- und Trocknungstechnik mbH | Phone: 06202 \\\/ 950 46 \u2013 30 | Carl-Benz-Stra\u00dfe 5 68723 Schwetzingen\",\"breadcrumb\":{\"@id\":\"https:\\\/\\\/www.get-mbh.com\\\/en\\\/impressum\\\/#breadcrumb\"},\"inLanguage\":\"en-US\",\"potentialAction\":[{\"@type\":\"ReadAction\",\"target\":[\"https:\\\/\\\/www.get-mbh.com\\\/en\\\/impressum\\\/\"]}]},{\"@type\":\"ImageObject\",\"inLanguage\":\"en-US\",\"@id\":\"https:\\\/\\\/www.get-mbh.com\\\/en\\\/impressum\\\/#primaryimage\",\"url\":\"https:\\\/\\\/www.get-mbh.com\\\/wp-content\\\/uploads\\\/2021\\\/01\\\/GET-Ingenieurbuero-Anlagenplanung-Anlagenbau.jpg\",\"contentUrl\":\"https:\\\/\\\/www.get-mbh.com\\\/wp-content\\\/uploads\\\/2021\\\/01\\\/GET-Ingenieurbuero-Anlagenplanung-Anlagenbau.jpg\",\"width\":2400,\"height\":1350,\"caption\":\"GET Ingenieurb\u00fcro f\u00fcr Anlagenplanung & Anlagenbau\"},{\"@type\":\"BreadcrumbList\",\"@id\":\"https:\\\/\\\/www.get-mbh.com\\\/en\\\/impressum\\\/#breadcrumb\",\"itemListElement\":[{\"@type\":\"ListItem\",\"position\":1,\"name\":\"Startseite\",\"item\":\"https:\\\/\\\/www.get-mbh.com\\\/en\\\/\"},{\"@type\":\"ListItem\",\"position\":2,\"name\":\"Impressum\"}]},{\"@type\":\"WebSite\",\"@id\":\"https:\\\/\\\/www.get-mbh.com\\\/en\\\/#website\",\"url\":\"https:\\\/\\\/www.get-mbh.com\\\/en\\\/\",\"name\":\"Gesellschaft f\u00fcr Energie- und Trocknungstechnik\",\"description\":\"Ingenieurb\u00fcro f\u00fcr Anlagenplanung &amp; Anlagenbau\",\"publisher\":{\"@id\":\"https:\\\/\\\/www.get-mbh.com\\\/en\\\/#organization\"},\"potentialAction\":[{\"@type\":\"SearchAction\",\"target\":{\"@type\":\"EntryPoint\",\"urlTemplate\":\"https:\\\/\\\/www.get-mbh.com\\\/en\\\/?s={search_term_string}\"},\"query-input\":{\"@type\":\"PropertyValueSpecification\",\"valueRequired\":true,\"valueName\":\"search_term_string\"}}],\"inLanguage\":\"en-US\"},{\"@type\":\"Organization\",\"@id\":\"https:\\\/\\\/www.get-mbh.com\\\/en\\\/#organization\",\"name\":\"GET Gesellschaft f\u00fcr Energie- und Trocknungstechnik\",\"url\":\"https:\\\/\\\/www.get-mbh.com\\\/en\\\/\",\"logo\":{\"@type\":\"ImageObject\",\"inLanguage\":\"en-US\",\"@id\":\"https:\\\/\\\/www.get-mbh.com\\\/en\\\/#\\\/schema\\\/logo\\\/image\\\/\",\"url\":\"https:\\\/\\\/get-mbh.com\\\/wp-content\\\/uploads\\\/2021\\\/01\\\/GET-Logo-Favicon.png\",\"contentUrl\":\"https:\\\/\\\/get-mbh.com\\\/wp-content\\\/uploads\\\/2021\\\/01\\\/GET-Logo-Favicon.png\",\"width\":1024,\"height\":1024,\"caption\":\"GET Gesellschaft f\u00fcr Energie- und Trocknungstechnik\"},\"image\":{\"@id\":\"https:\\\/\\\/www.get-mbh.com\\\/en\\\/#\\\/schema\\\/logo\\\/image\\\/\"}}]}<\/script>\n<!-- \/ Yoast SEO plugin. -->","yoast_head_json":{"title":"Gesellschaft f\u00fcr Energie- und Trocknungstechnik | GET mbH","description":"GET \u2013 Gesellschaft f\u00fcr Energie- und Trocknungstechnik mbH | Phone: 06202 \/ 950 46 \u2013 30 | Carl-Benz-Stra\u00dfe 5 68723 Schwetzingen","robots":{"index":"index","follow":"follow","max-snippet":"max-snippet:-1","max-image-preview":"max-image-preview:large","max-video-preview":"max-video-preview:-1"},"canonical":"https:\/\/www.get-mbh.com\/en\/impressum\/","og_locale":"en_US","og_type":"article","og_title":"Gesellschaft f\u00fcr Energie- und Trocknungstechnik | GET mbH","og_description":"GET \u2013 Gesellschaft f\u00fcr Energie- und Trocknungstechnik mbH | Phone: 06202 \/ 950 46 \u2013 30 | Carl-Benz-Stra\u00dfe 5 68723 Schwetzingen","og_url":"https:\/\/www.get-mbh.com\/en\/impressum\/","og_site_name":"Gesellschaft f\u00fcr Energie- und Trocknungstechnik","article_modified_time":"2021-03-08T16:07:57+00:00","og_image":[{"width":2400,"height":1350,"url":"https:\/\/www.get-mbh.com\/wp-content\/uploads\/2021\/01\/GET-Ingenieurbuero-Anlagenplanung-Anlagenbau.jpg","type":"image\/jpeg"}],"twitter_card":"summary_large_image","twitter_misc":{"Est. reading time":"3 minutes"},"schema":{"@context":"https:\/\/schema.org","@graph":[{"@type":"WebPage","@id":"https:\/\/www.get-mbh.com\/en\/impressum\/","url":"https:\/\/www.get-mbh.com\/en\/impressum\/","name":"Gesellschaft f\u00fcr Energie- und Trocknungstechnik | GET mbH","isPartOf":{"@id":"https:\/\/www.get-mbh.com\/en\/#website"},"primaryImageOfPage":{"@id":"https:\/\/www.get-mbh.com\/en\/impressum\/#primaryimage"},"image":{"@id":"https:\/\/www.get-mbh.com\/en\/impressum\/#primaryimage"},"thumbnailUrl":"https:\/\/www.get-mbh.com\/wp-content\/uploads\/2021\/01\/GET-Ingenieurbuero-Anlagenplanung-Anlagenbau.jpg","datePublished":"2021-03-08T16:07:55+00:00","dateModified":"2021-03-08T16:07:57+00:00","description":"GET \u2013 Gesellschaft f\u00fcr Energie- und Trocknungstechnik mbH | Phone: 06202 \/ 950 46 \u2013 30 | Carl-Benz-Stra\u00dfe 5 68723 Schwetzingen","breadcrumb":{"@id":"https:\/\/www.get-mbh.com\/en\/impressum\/#breadcrumb"},"inLanguage":"en-US","potentialAction":[{"@type":"ReadAction","target":["https:\/\/www.get-mbh.com\/en\/impressum\/"]}]},{"@type":"ImageObject","inLanguage":"en-US","@id":"https:\/\/www.get-mbh.com\/en\/impressum\/#primaryimage","url":"https:\/\/www.get-mbh.com\/wp-content\/uploads\/2021\/01\/GET-Ingenieurbuero-Anlagenplanung-Anlagenbau.jpg","contentUrl":"https:\/\/www.get-mbh.com\/wp-content\/uploads\/2021\/01\/GET-Ingenieurbuero-Anlagenplanung-Anlagenbau.jpg","width":2400,"height":1350,"caption":"GET Ingenieurb\u00fcro f\u00fcr Anlagenplanung & Anlagenbau"},{"@type":"BreadcrumbList","@id":"https:\/\/www.get-mbh.com\/en\/impressum\/#breadcrumb","itemListElement":[{"@type":"ListItem","position":1,"name":"Startseite","item":"https:\/\/www.get-mbh.com\/en\/"},{"@type":"ListItem","position":2,"name":"Impressum"}]},{"@type":"WebSite","@id":"https:\/\/www.get-mbh.com\/en\/#website","url":"https:\/\/www.get-mbh.com\/en\/","name":"Gesellschaft f\u00fcr Energie- und Trocknungstechnik","description":"Ingenieurb\u00fcro f\u00fcr Anlagenplanung &amp; Anlagenbau","publisher":{"@id":"https:\/\/www.get-mbh.com\/en\/#organization"},"potentialAction":[{"@type":"SearchAction","target":{"@type":"EntryPoint","urlTemplate":"https:\/\/www.get-mbh.com\/en\/?s={search_term_string}"},"query-input":{"@type":"PropertyValueSpecification","valueRequired":true,"valueName":"search_term_string"}}],"inLanguage":"en-US"},{"@type":"Organization","@id":"https:\/\/www.get-mbh.com\/en\/#organization","name":"GET Gesellschaft f\u00fcr Energie- und Trocknungstechnik","url":"https:\/\/www.get-mbh.com\/en\/","logo":{"@type":"ImageObject","inLanguage":"en-US","@id":"https:\/\/www.get-mbh.com\/en\/#\/schema\/logo\/image\/","url":"https:\/\/get-mbh.com\/wp-content\/uploads\/2021\/01\/GET-Logo-Favicon.png","contentUrl":"https:\/\/get-mbh.com\/wp-content\/uploads\/2021\/01\/GET-Logo-Favicon.png","width":1024,"height":1024,"caption":"GET Gesellschaft f\u00fcr Energie- und Trocknungstechnik"},"image":{"@id":"https:\/\/www.get-mbh.com\/en\/#\/schema\/logo\/image\/"}}]}},"_links":{"self":[{"href":"https:\/\/www.get-mbh.com\/en\/wp-json\/wp\/v2\/pages\/921","targetHints":{"allow":["GET"]}}],"collection":[{"href":"https:\/\/www.get-mbh.com\/en\/wp-json\/wp\/v2\/pages"}],"about":[{"href":"https:\/\/www.get-mbh.com\/en\/wp-json\/wp\/v2\/types\/page"}],"author":[{"embeddable":true,"href":"https:\/\/www.get-mbh.com\/en\/wp-json\/wp\/v2\/users\/1"}],"replies":[{"embeddable":true,"href":"https:\/\/www.get-mbh.com\/en\/wp-json\/wp\/v2\/comments?post=921"}],"version-history":[{"count":5,"href":"https:\/\/www.get-mbh.com\/en\/wp-json\/wp\/v2\/pages\/921\/revisions"}],"predecessor-version":[{"id":926,"href":"https:\/\/www.get-mbh.com\/en\/wp-json\/wp\/v2\/pages\/921\/revisions\/926"}],"wp:featuredmedia":[{"embeddable":true,"href":"https:\/\/www.get-mbh.com\/en\/wp-json\/wp\/v2\/media\/684"}],"wp:attachment":[{"href":"https:\/\/www.get-mbh.com\/en\/wp-json\/wp\/v2\/media?parent=921"}],"curies":[{"name":"wp","href":"https:\/\/api.w.org\/{rel}","templated":true}]}}