{"id":900,"date":"2021-03-05T10:44:23","date_gmt":"2021-03-05T09:44:23","guid":{"rendered":"https:\/\/get-mbh.com\/references\/"},"modified":"2021-03-05T10:44:34","modified_gmt":"2021-03-05T09:44:34","slug":"references","status":"publish","type":"page","link":"https:\/\/www.get-mbh.com\/en\/references\/","title":{"rendered":"References"},"content":{"rendered":"<div class=\"wpb-content-wrapper\"><p>[vc_row row_height_percent=&#8221;0&#8243; override_padding=&#8221;yes&#8221; h_padding=&#8221;2&#8243; top_padding=&#8221;5&#8243; bottom_padding=&#8221;5&#8243; overlay_alpha=&#8221;50&#8243; gutter_size=&#8221;3&#8243; column_width_percent=&#8221;100&#8243; shift_y=&#8221;0&#8243; z_index=&#8221;0&#8243; row_name=&#8221;intro&#8221;][vc_column column_width_use_pixel=&#8221;yes&#8221; align_horizontal=&#8221;align_center&#8221; gutter_size=&#8221;3&#8243; overlay_alpha=&#8221;50&#8243; shift_x=&#8221;0&#8243; shift_y=&#8221;0&#8243; shift_y_down=&#8221;0&#8243; z_index=&#8221;0&#8243; medium_width=&#8221;0&#8243; mobile_width=&#8221;0&#8243; width=&#8221;1\/1&#8243; column_width_pixel=&#8221;800&#8243;][vc_custom_heading heading_semantic=&#8221;h3&#8243; text_weight=&#8221;400&#8243;]Trust a partner with years of experience from countless successful projects. You will find some of our projects on this page. See for yourself: Your project is in good hands with us \u2013 and if not, we will guide you to the right direction.[\/vc_custom_heading][\/vc_column][\/vc_row][vc_row unlock_row_content=&#8221;yes&#8221; row_height_percent=&#8221;0&#8243; override_padding=&#8221;yes&#8221; h_padding=&#8221;3&#8243; top_padding=&#8221;3&#8243; bottom_padding=&#8221;3&#8243; overlay_alpha=&#8221;50&#8243; gutter_size=&#8221;2&#8243; column_width_percent=&#8221;100&#8243; shift_y=&#8221;0&#8243; z_index=&#8221;0&#8243;][vc_column column_width_percent=&#8221;100&#8243; gutter_size=&#8221;4&#8243; overlay_alpha=&#8221;50&#8243; shift_x=&#8221;0&#8243; shift_y=&#8221;0&#8243; shift_y_down=&#8221;0&#8243; z_index=&#8221;0&#8243; medium_width=&#8221;0&#8243; mobile_width=&#8221;0&#8243; width=&#8221;1\/1&#8243;][uncode_index el_id=&#8221;index-5817831581&#8243; isotope_mode=&#8221;fitRows&#8221; loop=&#8221;size:All|order_by:date|post_type:portfolio|taxonomy_count:10&#8243; gutter_size=&#8221;3&#8243; inner_padding=&#8221;yes&#8221; post_items=&#8221;media|featured|onpost|poster,date,title,text|excerpt|90,category|bordered|topright|hide-icon&#8221; portfolio_items=&#8221;media|featured|onpost|original,title,icon|sm,text|excerpt,detail-169758,detail-209682,link|link|default_size|Mehr erfahren&#8221; screen_lg=&#8221;1000&#8243; screen_md=&#8221;600&#8243; screen_sm=&#8221;480&#8243; single_width=&#8221;3&#8243; images_size=&#8221;three-two&#8221; single_back_color=&#8221;color-lxmt&#8221; single_shape=&#8221;round&#8221; single_overlay_color=&#8221;accent&#8221; single_overlay_opacity=&#8221;80&#8243; single_image_anim=&#8221;no&#8221; single_padding=&#8221;1&#8243; single_title_dimension=&#8221;h4&#8243; no_double_tap=&#8221;yes&#8221; single_icon=&#8221;fa fa-plus2&#8243;][\/vc_column][\/vc_row]<\/p>\n<\/div>","protected":false},"excerpt":{"rendered":"<p>We can go from quite simple to really complex!<\/p>\n","protected":false},"author":1,"featured_media":811,"parent":0,"menu_order":0,"comment_status":"closed","ping_status":"closed","template":"","meta":{"footnotes":""},"class_list":["post-900","page","type-page","status-publish","has-post-thumbnail","hentry"],"yoast_head":"<!-- This site is optimized with the Yoast SEO plugin v27.3 - https:\/\/yoast.com\/product\/yoast-seo-wordpress\/ -->\n<title>Check our references for plant design &amp; construction<\/title>\n<meta name=\"description\" content=\"We know all about plant design &amp; construction - from simple to complex! See for yourself: Your project is in good hands with us. Check it out now!\" \/>\n<meta name=\"robots\" content=\"index, follow, max-snippet:-1, max-image-preview:large, max-video-preview:-1\" \/>\n<link rel=\"canonical\" href=\"https:\/\/www.get-mbh.com\/en\/references\/\" \/>\n<meta property=\"og:locale\" content=\"en_US\" \/>\n<meta property=\"og:type\" content=\"article\" \/>\n<meta property=\"og:title\" content=\"Check our references for plant design &amp; construction\" \/>\n<meta property=\"og:description\" content=\"We know all about plant design &amp; construction - from simple to complex! See for yourself: Your project is in good hands with us. Check it out now!\" \/>\n<meta property=\"og:url\" content=\"https:\/\/www.get-mbh.com\/en\/references\/\" \/>\n<meta property=\"og:site_name\" content=\"Gesellschaft f\u00fcr Energie- und Trocknungstechnik\" \/>\n<meta property=\"article:modified_time\" content=\"2021-03-05T09:44:34+00:00\" \/>\n<meta property=\"og:image\" content=\"https:\/\/www.get-mbh.com\/wp-content\/uploads\/2020\/09\/TIB-Zink-Chlorid-Anlage-Isoansicht02_Geb.84.1_02032020-scaled.jpg\" \/>\n\t<meta property=\"og:image:width\" content=\"2560\" \/>\n\t<meta property=\"og:image:height\" content=\"1823\" \/>\n\t<meta property=\"og:image:type\" content=\"image\/jpeg\" \/>\n<meta name=\"twitter:card\" content=\"summary_large_image\" \/>\n<meta name=\"twitter:label1\" content=\"Est. reading time\" \/>\n\t<meta name=\"twitter:data1\" content=\"1 minute\" \/>\n<script type=\"application\/ld+json\" class=\"yoast-schema-graph\">{\"@context\":\"https:\\\/\\\/schema.org\",\"@graph\":[{\"@type\":\"WebPage\",\"@id\":\"https:\\\/\\\/www.get-mbh.com\\\/en\\\/references\\\/\",\"url\":\"https:\\\/\\\/www.get-mbh.com\\\/en\\\/references\\\/\",\"name\":\"Check our references for plant design & construction\",\"isPartOf\":{\"@id\":\"https:\\\/\\\/www.get-mbh.com\\\/en\\\/#website\"},\"primaryImageOfPage\":{\"@id\":\"https:\\\/\\\/www.get-mbh.com\\\/en\\\/references\\\/#primaryimage\"},\"image\":{\"@id\":\"https:\\\/\\\/www.get-mbh.com\\\/en\\\/references\\\/#primaryimage\"},\"thumbnailUrl\":\"https:\\\/\\\/www.get-mbh.com\\\/wp-content\\\/uploads\\\/2020\\\/09\\\/TIB-Zink-Chlorid-Anlage-Isoansicht02_Geb.84.1_02032020-scaled.jpg\",\"datePublished\":\"2021-03-05T09:44:23+00:00\",\"dateModified\":\"2021-03-05T09:44:34+00:00\",\"description\":\"We know all about plant design & construction - from simple to complex! See for yourself: Your project is in good hands with us. Check it out now!\",\"breadcrumb\":{\"@id\":\"https:\\\/\\\/www.get-mbh.com\\\/en\\\/references\\\/#breadcrumb\"},\"inLanguage\":\"en-US\",\"potentialAction\":[{\"@type\":\"ReadAction\",\"target\":[\"https:\\\/\\\/www.get-mbh.com\\\/en\\\/references\\\/\"]}]},{\"@type\":\"ImageObject\",\"inLanguage\":\"en-US\",\"@id\":\"https:\\\/\\\/www.get-mbh.com\\\/en\\\/references\\\/#primaryimage\",\"url\":\"https:\\\/\\\/www.get-mbh.com\\\/wp-content\\\/uploads\\\/2020\\\/09\\\/TIB-Zink-Chlorid-Anlage-Isoansicht02_Geb.84.1_02032020-scaled.jpg\",\"contentUrl\":\"https:\\\/\\\/www.get-mbh.com\\\/wp-content\\\/uploads\\\/2020\\\/09\\\/TIB-Zink-Chlorid-Anlage-Isoansicht02_Geb.84.1_02032020-scaled.jpg\",\"width\":2560,\"height\":1823},{\"@type\":\"BreadcrumbList\",\"@id\":\"https:\\\/\\\/www.get-mbh.com\\\/en\\\/references\\\/#breadcrumb\",\"itemListElement\":[{\"@type\":\"ListItem\",\"position\":1,\"name\":\"Startseite\",\"item\":\"https:\\\/\\\/www.get-mbh.com\\\/en\\\/\"},{\"@type\":\"ListItem\",\"position\":2,\"name\":\"References\"}]},{\"@type\":\"WebSite\",\"@id\":\"https:\\\/\\\/www.get-mbh.com\\\/en\\\/#website\",\"url\":\"https:\\\/\\\/www.get-mbh.com\\\/en\\\/\",\"name\":\"Gesellschaft f\u00fcr Energie- und Trocknungstechnik\",\"description\":\"Ingenieurb\u00fcro f\u00fcr Anlagenplanung &amp; Anlagenbau\",\"publisher\":{\"@id\":\"https:\\\/\\\/www.get-mbh.com\\\/en\\\/#organization\"},\"potentialAction\":[{\"@type\":\"SearchAction\",\"target\":{\"@type\":\"EntryPoint\",\"urlTemplate\":\"https:\\\/\\\/www.get-mbh.com\\\/en\\\/?s={search_term_string}\"},\"query-input\":{\"@type\":\"PropertyValueSpecification\",\"valueRequired\":true,\"valueName\":\"search_term_string\"}}],\"inLanguage\":\"en-US\"},{\"@type\":\"Organization\",\"@id\":\"https:\\\/\\\/www.get-mbh.com\\\/en\\\/#organization\",\"name\":\"GET Gesellschaft f\u00fcr Energie- und Trocknungstechnik\",\"url\":\"https:\\\/\\\/www.get-mbh.com\\\/en\\\/\",\"logo\":{\"@type\":\"ImageObject\",\"inLanguage\":\"en-US\",\"@id\":\"https:\\\/\\\/www.get-mbh.com\\\/en\\\/#\\\/schema\\\/logo\\\/image\\\/\",\"url\":\"https:\\\/\\\/get-mbh.com\\\/wp-content\\\/uploads\\\/2021\\\/01\\\/GET-Logo-Favicon.png\",\"contentUrl\":\"https:\\\/\\\/get-mbh.com\\\/wp-content\\\/uploads\\\/2021\\\/01\\\/GET-Logo-Favicon.png\",\"width\":1024,\"height\":1024,\"caption\":\"GET Gesellschaft f\u00fcr Energie- und Trocknungstechnik\"},\"image\":{\"@id\":\"https:\\\/\\\/www.get-mbh.com\\\/en\\\/#\\\/schema\\\/logo\\\/image\\\/\"}}]}<\/script>\n<!-- \/ Yoast SEO plugin. -->","yoast_head_json":{"title":"Check our references for plant design & construction","description":"We know all about plant design & construction - from simple to complex! See for yourself: Your project is in good hands with us. Check it out now!","robots":{"index":"index","follow":"follow","max-snippet":"max-snippet:-1","max-image-preview":"max-image-preview:large","max-video-preview":"max-video-preview:-1"},"canonical":"https:\/\/www.get-mbh.com\/en\/references\/","og_locale":"en_US","og_type":"article","og_title":"Check our references for plant design & construction","og_description":"We know all about plant design & construction - from simple to complex! See for yourself: Your project is in good hands with us. Check it out now!","og_url":"https:\/\/www.get-mbh.com\/en\/references\/","og_site_name":"Gesellschaft f\u00fcr Energie- und Trocknungstechnik","article_modified_time":"2021-03-05T09:44:34+00:00","og_image":[{"width":2560,"height":1823,"url":"https:\/\/www.get-mbh.com\/wp-content\/uploads\/2020\/09\/TIB-Zink-Chlorid-Anlage-Isoansicht02_Geb.84.1_02032020-scaled.jpg","type":"image\/jpeg"}],"twitter_card":"summary_large_image","twitter_misc":{"Est. reading time":"1 minute"},"schema":{"@context":"https:\/\/schema.org","@graph":[{"@type":"WebPage","@id":"https:\/\/www.get-mbh.com\/en\/references\/","url":"https:\/\/www.get-mbh.com\/en\/references\/","name":"Check our references for plant design & construction","isPartOf":{"@id":"https:\/\/www.get-mbh.com\/en\/#website"},"primaryImageOfPage":{"@id":"https:\/\/www.get-mbh.com\/en\/references\/#primaryimage"},"image":{"@id":"https:\/\/www.get-mbh.com\/en\/references\/#primaryimage"},"thumbnailUrl":"https:\/\/www.get-mbh.com\/wp-content\/uploads\/2020\/09\/TIB-Zink-Chlorid-Anlage-Isoansicht02_Geb.84.1_02032020-scaled.jpg","datePublished":"2021-03-05T09:44:23+00:00","dateModified":"2021-03-05T09:44:34+00:00","description":"We know all about plant design & construction - from simple to complex! See for yourself: Your project is in good hands with us. Check it out now!","breadcrumb":{"@id":"https:\/\/www.get-mbh.com\/en\/references\/#breadcrumb"},"inLanguage":"en-US","potentialAction":[{"@type":"ReadAction","target":["https:\/\/www.get-mbh.com\/en\/references\/"]}]},{"@type":"ImageObject","inLanguage":"en-US","@id":"https:\/\/www.get-mbh.com\/en\/references\/#primaryimage","url":"https:\/\/www.get-mbh.com\/wp-content\/uploads\/2020\/09\/TIB-Zink-Chlorid-Anlage-Isoansicht02_Geb.84.1_02032020-scaled.jpg","contentUrl":"https:\/\/www.get-mbh.com\/wp-content\/uploads\/2020\/09\/TIB-Zink-Chlorid-Anlage-Isoansicht02_Geb.84.1_02032020-scaled.jpg","width":2560,"height":1823},{"@type":"BreadcrumbList","@id":"https:\/\/www.get-mbh.com\/en\/references\/#breadcrumb","itemListElement":[{"@type":"ListItem","position":1,"name":"Startseite","item":"https:\/\/www.get-mbh.com\/en\/"},{"@type":"ListItem","position":2,"name":"References"}]},{"@type":"WebSite","@id":"https:\/\/www.get-mbh.com\/en\/#website","url":"https:\/\/www.get-mbh.com\/en\/","name":"Gesellschaft f\u00fcr Energie- und Trocknungstechnik","description":"Ingenieurb\u00fcro f\u00fcr Anlagenplanung &amp; Anlagenbau","publisher":{"@id":"https:\/\/www.get-mbh.com\/en\/#organization"},"potentialAction":[{"@type":"SearchAction","target":{"@type":"EntryPoint","urlTemplate":"https:\/\/www.get-mbh.com\/en\/?s={search_term_string}"},"query-input":{"@type":"PropertyValueSpecification","valueRequired":true,"valueName":"search_term_string"}}],"inLanguage":"en-US"},{"@type":"Organization","@id":"https:\/\/www.get-mbh.com\/en\/#organization","name":"GET Gesellschaft f\u00fcr Energie- und Trocknungstechnik","url":"https:\/\/www.get-mbh.com\/en\/","logo":{"@type":"ImageObject","inLanguage":"en-US","@id":"https:\/\/www.get-mbh.com\/en\/#\/schema\/logo\/image\/","url":"https:\/\/get-mbh.com\/wp-content\/uploads\/2021\/01\/GET-Logo-Favicon.png","contentUrl":"https:\/\/get-mbh.com\/wp-content\/uploads\/2021\/01\/GET-Logo-Favicon.png","width":1024,"height":1024,"caption":"GET Gesellschaft f\u00fcr Energie- und Trocknungstechnik"},"image":{"@id":"https:\/\/www.get-mbh.com\/en\/#\/schema\/logo\/image\/"}}]}},"_links":{"self":[{"href":"https:\/\/www.get-mbh.com\/en\/wp-json\/wp\/v2\/pages\/900","targetHints":{"allow":["GET"]}}],"collection":[{"href":"https:\/\/www.get-mbh.com\/en\/wp-json\/wp\/v2\/pages"}],"about":[{"href":"https:\/\/www.get-mbh.com\/en\/wp-json\/wp\/v2\/types\/page"}],"author":[{"embeddable":true,"href":"https:\/\/www.get-mbh.com\/en\/wp-json\/wp\/v2\/users\/1"}],"replies":[{"embeddable":true,"href":"https:\/\/www.get-mbh.com\/en\/wp-json\/wp\/v2\/comments?post=900"}],"version-history":[{"count":5,"href":"https:\/\/www.get-mbh.com\/en\/wp-json\/wp\/v2\/pages\/900\/revisions"}],"predecessor-version":[{"id":905,"href":"https:\/\/www.get-mbh.com\/en\/wp-json\/wp\/v2\/pages\/900\/revisions\/905"}],"wp:featuredmedia":[{"embeddable":true,"href":"https:\/\/www.get-mbh.com\/en\/wp-json\/wp\/v2\/media\/811"}],"wp:attachment":[{"href":"https:\/\/www.get-mbh.com\/en\/wp-json\/wp\/v2\/media?parent=900"}],"curies":[{"name":"wp","href":"https:\/\/api.w.org\/{rel}","templated":true}]}}